{"id":541,"date":"2018-11-27T09:17:08","date_gmt":"2018-11-27T09:17:08","guid":{"rendered":"https:\/\/isz-si.eu\/about\/"},"modified":"2025-02-03T10:28:08","modified_gmt":"2025-02-03T09:28:08","slug":"about","status":"publish","type":"page","link":"https:\/\/isz-si.eu\/en\/about\/","title":{"rendered":"About"},"content":{"rendered":"<div data-elementor-type=\"wp-post\" data-elementor-id=\"541\" class=\"elementor elementor-541\">\n\t\t\t\t\t\t<section class=\"elementor-section elementor-top-section elementor-element elementor-element-d7d8b56 elementor-section-boxed elementor-section-height-default elementor-section-height-default\" data-id=\"d7d8b56\" data-element_type=\"section\" data-settings=\"{&quot;background_background&quot;:&quot;classic&quot;}\">\n\t\t\t\t\t\t\t<div class=\"elementor-background-overlay\"><\/div>\n\t\t\t\t\t\t\t<div class=\"elementor-container elementor-column-gap-default\">\n\t\t\t\t\t<div class=\"elementor-column elementor-col-100 elementor-top-column elementor-element elementor-element-fd69444\" data-id=\"fd69444\" data-element_type=\"column\">\n\t\t\t<div class=\"elementor-widget-wrap elementor-element-populated\">\n\t\t\t\t\t\t<div class=\"elementor-element elementor-element-abcc2f2 elementor-widget elementor-widget-heading\" data-id=\"abcc2f2\" data-element_type=\"widget\" data-widget_type=\"heading.default\">\n\t\t\t\t<div class=\"elementor-widget-container\">\n\t\t\t\t\t<h1 class=\"elementor-heading-title elementor-size-default\">About<\/h1>\t\t\t\t<\/div>\n\t\t\t\t<\/div>\n\t\t\t\t\t<\/div>\n\t\t<\/div>\n\t\t\t\t\t<\/div>\n\t\t<\/section>\n\t\t\t\t<section class=\"elementor-section elementor-top-section elementor-element elementor-element-6b25700c elementor-section-content-middle elementor-section-boxed elementor-section-height-default elementor-section-height-default\" data-id=\"6b25700c\" data-element_type=\"section\">\n\t\t\t\t\t\t<div class=\"elementor-container elementor-column-gap-no\">\n\t\t\t\t\t<div class=\"elementor-column elementor-col-50 elementor-top-column elementor-element elementor-element-61f7497a\" data-id=\"61f7497a\" data-element_type=\"column\">\n\t\t\t<div class=\"elementor-widget-wrap elementor-element-populated\">\n\t\t\t\t\t\t<div class=\"elementor-element elementor-element-1d0ef56b elementor-widget-divider--view-line elementor-widget elementor-widget-divider\" data-id=\"1d0ef56b\" data-element_type=\"widget\" data-widget_type=\"divider.default\">\n\t\t\t\t<div class=\"elementor-widget-container\">\n\t\t\t\t\t\t\t<div class=\"elementor-divider\">\n\t\t\t<span class=\"elementor-divider-separator\">\n\t\t\t\t\t\t<\/span>\n\t\t<\/div>\n\t\t\t\t\t\t<\/div>\n\t\t\t\t<\/div>\n\t\t\t\t\t<\/div>\n\t\t<\/div>\n\t\t\t\t<div class=\"elementor-column elementor-col-50 elementor-top-column elementor-element elementor-element-2fcaaf58\" data-id=\"2fcaaf58\" data-element_type=\"column\">\n\t\t\t<div class=\"elementor-widget-wrap elementor-element-populated\">\n\t\t\t\t\t\t<div class=\"elementor-element elementor-element-5583f8fd elementor-widget elementor-widget-heading\" data-id=\"5583f8fd\" data-element_type=\"widget\" data-widget_type=\"heading.default\">\n\t\t\t\t<div class=\"elementor-widget-container\">\n\t\t\t\t\t<h4 class=\"elementor-heading-title elementor-size-default\">THINK, ANALYSE, ACT.<\/h4>\t\t\t\t<\/div>\n\t\t\t\t<\/div>\n\t\t\t\t<div class=\"elementor-element elementor-element-48f531c0 elementor-widget elementor-widget-text-editor\" data-id=\"48f531c0\" data-element_type=\"widget\" data-widget_type=\"text-editor.default\">\n\t\t\t\t<div class=\"elementor-widget-container\">\n\t\t\t\t\t\t\t\t\t<p><span style=\"color: #000000;\">Our core mission is based on promoting democracy, raising awareness of EU values \u200b\u200band human rights education. We offer educational and professional training opportunities to young individuals and activists on the one hand and educators on the other. We place great emphasis on international cooperation, as we are aware that the exchange of practices contributes to innovative and sustainable solutions and promotes unity. Therefore, we participate in various international programs aimed at promoting and enriching active citizenship, enriching human rights education with non-formal teaching methods and supporting young people with fewer opportunities. <\/span><\/p><p><span style=\"color: #000000;\">Our areas of work include non-formal education, intercultural cooperation, social integration, environmental protection, digitalisation and related current topics. Our main goal is to enable a positive impact on society by promoting mutual understanding and international dialogue. We are committed to promoting the growth and development of young people, while advocating for equal opportunities and encouraging individuals to actively and tolerantly participate in communities.<\/span><\/p>\t\t\t\t\t\t\t\t<\/div>\n\t\t\t\t<\/div>\n\t\t\t\t\t<\/div>\n\t\t<\/div>\n\t\t\t\t\t<\/div>\n\t\t<\/section>\n\t\t\t\t<\/div>","protected":false},"excerpt":{"rendered":"<p>Kdo smo MISLI, ANALIZIRAJ, UKREPAJ. Na\u0161e temeljno poslanstvo temelji na spodbujanju demokracije, ozave\u0161\u010danju vrednot EU in izobra\u017eevanju \u010dlovekovih pravic. Med drugim nudimo prilo\u017enosti izobra\u017eevanja in strokovnega usposabljanja na eni strani mladim posameznikom in na drugi strani izobra\u017eevalcem. Velik poudarek dajemo mednarodnemu sodelovannju, saj se zavedamo, da je izmenjava praks pripomore k inovativnim in trajnostnim re\u0161itvam &hellip;<\/p>\n<p class=\"read-more\"> <a class=\"\" href=\"https:\/\/isz-si.eu\/en\/about\/\"> <span class=\"screen-reader-text\">About<\/span> Read More &raquo;<\/a><\/p>","protected":false},"author":1,"featured_media":0,"parent":0,"menu_order":0,"comment_status":"closed","ping_status":"closed","template":"","meta":{"site-sidebar-layout":"no-sidebar","site-content-layout":"page-builder","ast-global-header-display":"","ast-banner-title-visibility":"","ast-main-header-display":"","ast-hfb-above-header-display":"","ast-hfb-below-header-display":"","ast-hfb-mobile-header-display":"","site-post-title":"disabled","ast-breadcrumbs-content":"","ast-featured-img":"disabled","footer-sml-layout":"","theme-transparent-header-meta":"enabled","adv-header-id-meta":"","stick-header-meta":"","header-above-stick-meta":"","header-main-stick-meta":"","header-below-stick-meta":"","footnotes":""},"class_list":["post-541","page","type-page","status-publish","hentry"],"jetpack_sharing_enabled":true,"_links":{"self":[{"href":"https:\/\/isz-si.eu\/en\/wp-json\/wp\/v2\/pages\/541","targetHints":{"allow":["GET"]}}],"collection":[{"href":"https:\/\/isz-si.eu\/en\/wp-json\/wp\/v2\/pages"}],"about":[{"href":"https:\/\/isz-si.eu\/en\/wp-json\/wp\/v2\/types\/page"}],"author":[{"embeddable":true,"href":"https:\/\/isz-si.eu\/en\/wp-json\/wp\/v2\/users\/1"}],"replies":[{"embeddable":true,"href":"https:\/\/isz-si.eu\/en\/wp-json\/wp\/v2\/comments?post=541"}],"version-history":[{"count":76,"href":"https:\/\/isz-si.eu\/en\/wp-json\/wp\/v2\/pages\/541\/revisions"}],"predecessor-version":[{"id":1324,"href":"https:\/\/isz-si.eu\/en\/wp-json\/wp\/v2\/pages\/541\/revisions\/1324"}],"wp:attachment":[{"href":"https:\/\/isz-si.eu\/en\/wp-json\/wp\/v2\/media?parent=541"}],"curies":[{"name":"wp","href":"https:\/\/api.w.org\/{rel}","templated":true}]}}